{"id":99,"date":"2023-03-06T09:58:11","date_gmt":"2023-03-06T12:58:11","guid":{"rendered":"http:\/\/mooneyapp.co\/?page_id=99"},"modified":"2023-11-13T12:00:18","modified_gmt":"2023-11-13T15:00:18","slug":"contato-2","status":"publish","type":"page","link":"https:\/\/mooneyapp.co\/es\/contato-2\/","title":{"rendered":"Contacto"},"content":{"rendered":"<div data-elementor-type=\"wp-page\" data-elementor-id=\"99\" class=\"elementor elementor-99\">\n\t\t\t\t\t\t\t<div class=\"elementor-element elementor-element-32f599c e-con-boxed e-flex e-con\" data-id=\"32f599c\" data-element_type=\"container\" data-settings=\"{&quot;content_width&quot;:&quot;boxed&quot;}\">\n\t\t\t\t\t<div class=\"e-con-inner\">\n\t\t<div class=\"elementor-element elementor-element-f2eaeb8 e-con-full e-flex e-con\" data-id=\"f2eaeb8\" data-element_type=\"container\" data-settings=\"{&quot;content_width&quot;:&quot;full&quot;}\">\n\t\t\t\t<div class=\"elementor-element elementor-element-68a36bd elementor-widget__width-initial elementor-widget elementor-widget-heading\" data-id=\"68a36bd\" data-element_type=\"widget\" data-widget_type=\"heading.default\">\n\t\t\t\t<div class=\"elementor-widget-container\">\n\t\t\t<style>\/*! elementor - v3.13.3 - 28-05-2023 *\/\n.elementor-heading-title{padding:0;margin:0;line-height:1}.elementor-widget-heading .elementor-heading-title[class*=elementor-size-]>a{color:inherit;font-size:inherit;line-height:inherit}.elementor-widget-heading .elementor-heading-title.elementor-size-small{font-size:15px}.elementor-widget-heading .elementor-heading-title.elementor-size-medium{font-size:19px}.elementor-widget-heading .elementor-heading-title.elementor-size-large{font-size:29px}.elementor-widget-heading .elementor-heading-title.elementor-size-xl{font-size:39px}.elementor-widget-heading .elementor-heading-title.elementor-size-xxl{font-size:59px}<\/style><h2 class=\"elementor-heading-title elementor-size-default\">\u00a1Lleva a Mooney a tu escuela!<\/h2>\t\t<\/div>\n\t\t\t\t<\/div>\n\t\t\t\t<div class=\"elementor-element elementor-element-d864cb5 elementor-widget elementor-widget-heading\" data-id=\"d864cb5\" data-element_type=\"widget\" data-widget_type=\"heading.default\">\n\t\t\t\t<div class=\"elementor-widget-container\">\n\t\t\t<h2 class=\"elementor-heading-title elementor-size-large\">Saber m\u00e1s:\n\n<\/h2>\t\t<\/div>\n\t\t\t\t<\/div>\n\t\t\t\t<div class=\"elementor-element elementor-element-074c1a7 elementor-widget__width-initial elementor-widget-mobile__width-inherit elementor-widget elementor-widget-text-editor\" data-id=\"074c1a7\" data-element_type=\"widget\" data-widget_type=\"text-editor.default\">\n\t\t\t\t<div class=\"elementor-widget-container\">\n\t\t\t<style>\/*! elementor - v3.13.3 - 28-05-2023 *\/\n.elementor-widget-text-editor.elementor-drop-cap-view-stacked .elementor-drop-cap{background-color:#69727d;color:#fff}.elementor-widget-text-editor.elementor-drop-cap-view-framed .elementor-drop-cap{color:#69727d;border:3px solid;background-color:transparent}.elementor-widget-text-editor:not(.elementor-drop-cap-view-default) .elementor-drop-cap{margin-top:8px}.elementor-widget-text-editor:not(.elementor-drop-cap-view-default) .elementor-drop-cap-letter{width:1em;height:1em}.elementor-widget-text-editor .elementor-drop-cap{float:left;text-align:center;line-height:1;font-size:50px}.elementor-widget-text-editor .elementor-drop-cap-letter{display:inline-block}<\/style>\t\t\t\t<p>\u00a1Habla con nuestros asesores y desc\u00fabrelo! Completa tus datos y env\u00eda. Nuestro equipo se pondr\u00e1 en contacto contigo para resolver todas tus dudas.<\/p>\t\t\t\t\t\t<\/div>\n\t\t\t\t<\/div>\n\t\t\t\t<div class=\"elementor-element elementor-element-064bceb elementor-icon-list--layout-traditional elementor-list-item-link-full_width elementor-widget elementor-widget-icon-list\" data-id=\"064bceb\" data-element_type=\"widget\" data-widget_type=\"icon-list.default\">\n\t\t\t\t<div class=\"elementor-widget-container\">\n\t\t\t<link rel=\"stylesheet\" href=\"https:\/\/mooneyapp.co\/wp-content\/plugins\/elementor\/assets\/css\/widget-icon-list.min.css\">\t\t<ul class=\"elementor-icon-list-items\">\n\t\t\t\t\t\t\t<li class=\"elementor-icon-list-item\">\n\t\t\t\t\t\t\t\t\t\t\t<a href=\"mailto:Harold.bratovich@mooneyapp.com.br\">\n\n\t\t\t\t\t\t\t\t\t\t\t\t<span class=\"elementor-icon-list-icon\">\n\t\t\t\t\t\t\t<svg aria-hidden=\"true\" class=\"e-font-icon-svg e-far-envelope\" viewbox=\"0 0 512 512\" xmlns=\"http:\/\/www.w3.org\/2000\/svg\"><path d=\"M464 64H48C21.49 64 0 85.49 0 112v288c0 26.51 21.49 48 48 48h416c26.51 0 48-21.49 48-48V112c0-26.51-21.49-48-48-48zm0 48v40.805c-22.422 18.259-58.168 46.651-134.587 106.49-16.841 13.247-50.201 45.072-73.413 44.701-23.208.375-56.579-31.459-73.413-44.701C106.18 199.465 70.425 171.067 48 152.805V112h416zM48 400V214.398c22.914 18.251 55.409 43.862 104.938 82.646 21.857 17.205 60.134 55.186 103.062 54.955 42.717.231 80.509-37.199 103.053-54.947 49.528-38.783 82.032-64.401 104.947-82.653V400H48z\"><\/path><\/svg>\t\t\t\t\t\t<\/span>\n\t\t\t\t\t\t\t\t\t\t<span class=\"elementor-icon-list-text\">Harold.bratovich@mooneyapp.com.br<\/span>\n\t\t\t\t\t\t\t\t\t\t\t<\/a>\n\t\t\t\t\t\t\t\t\t<\/li>\n\t\t\t\t\t\t\t\t<li class=\"elementor-icon-list-item\">\n\t\t\t\t\t\t\t\t\t\t\t<a href=\"https:\/\/api.whatsapp.com\/send?phone=573134844866\">\n\n\t\t\t\t\t\t\t\t\t\t\t\t<span class=\"elementor-icon-list-icon\">\n\t\t\t\t\t\t\t<svg aria-hidden=\"true\" class=\"e-font-icon-svg e-fab-whatsapp\" viewbox=\"0 0 448 512\" xmlns=\"http:\/\/www.w3.org\/2000\/svg\"><path d=\"M380.9 97.1C339 55.1 283.2 32 223.9 32c-122.4 0-222 99.6-222 222 0 39.1 10.2 77.3 29.6 111L0 480l117.7-30.9c32.4 17.7 68.9 27 106.1 27h.1c122.3 0 224.1-99.6 224.1-222 0-59.3-25.2-115-67.1-157zm-157 341.6c-33.2 0-65.7-8.9-94-25.7l-6.7-4-69.8 18.3L72 359.2l-4.4-7c-18.5-29.4-28.2-63.3-28.2-98.2 0-101.7 82.8-184.5 184.6-184.5 49.3 0 95.6 19.2 130.4 54.1 34.8 34.9 56.2 81.2 56.1 130.5 0 101.8-84.9 184.6-186.6 184.6zm101.2-138.2c-5.5-2.8-32.8-16.2-37.9-18-5.1-1.9-8.8-2.8-12.5 2.8-3.7 5.6-14.3 18-17.6 21.8-3.2 3.7-6.5 4.2-12 1.4-32.6-16.3-54-29.1-75.5-66-5.7-9.8 5.7-9.1 16.3-30.3 1.8-3.7.9-6.9-.5-9.7-1.4-2.8-12.5-30.1-17.1-41.2-4.5-10.8-9.1-9.3-12.5-9.5-3.2-.2-6.9-.2-10.6-.2-3.7 0-9.7 1.4-14.8 6.9-5.1 5.6-19.4 19-19.4 46.3 0 27.3 19.9 53.7 22.6 57.4 2.8 3.7 39.1 59.7 94.8 83.8 35.2 15.2 49 16.5 66.6 13.9 10.7-1.6 32.8-13.4 37.4-26.4 4.6-13 4.6-24.1 3.2-26.4-1.3-2.5-5-3.9-10.5-6.6z\"><\/path><\/svg>\t\t\t\t\t\t<\/span>\n\t\t\t\t\t\t\t\t\t\t<span class=\"elementor-icon-list-text\">Whatsapp<\/span>\n\t\t\t\t\t\t\t\t\t\t\t<\/a>\n\t\t\t\t\t\t\t\t\t<\/li>\n\t\t\t\t\t\t<\/ul>\n\t\t\t\t<\/div>\n\t\t\t\t<\/div>\n\t\t\t\t<\/div>\n\t\t<div class=\"elementor-element elementor-element-200231e e-con-full e-flex e-con\" data-id=\"200231e\" data-element_type=\"container\" data-settings=\"{&quot;content_width&quot;:&quot;full&quot;}\">\n\t\t\t\t<div class=\"elementor-element elementor-element-dd86bb1 elementor-widget elementor-widget-shortcode\" data-id=\"dd86bb1\" data-element_type=\"widget\" data-widget_type=\"shortcode.default\">\n\t\t\t\t<div class=\"elementor-widget-container\">\n\t\t\t\t\t<div class=\"elementor-shortcode\"><div role=\"form\" class=\"wpcf7\" id=\"wpcf7-f15-o1\" lang=\"pt-BR\" dir=\"ltr\">\n<div class=\"screen-reader-response\"><p role=\"status\" aria-live=\"polite\" aria-atomic=\"true\"><\/p> <ul><\/ul><\/div>\n<form action=\"\/es\/wp-json\/wp\/v2\/pages\/99#wpcf7-f15-o1\" method=\"post\" class=\"wpcf7-form init\" novalidate=\"novalidate\" data-status=\"init\" data-trp-original-action=\"\/es\/wp-json\/wp\/v2\/pages\/99#wpcf7-f15-o1\">\n<div style=\"display: none;\">\n<input type=\"hidden\" name=\"_wpcf7\" value=\"15\" \/>\n<input type=\"hidden\" name=\"_wpcf7_version\" value=\"5.5.6\" \/>\n<input type=\"hidden\" name=\"_wpcf7_locale\" value=\"pt_BR\" \/>\n<input type=\"hidden\" name=\"_wpcf7_unit_tag\" value=\"wpcf7-f15-o1\" \/>\n<input type=\"hidden\" name=\"_wpcf7_container_post\" value=\"0\" \/>\n<input type=\"hidden\" name=\"_wpcf7_posted_data_hash\" value=\"\" \/>\n<\/div>\n<p><span class=\"wpcf7-form-control-wrap nome\"><input type=\"text\" name=\"nome\" value=\"\" size=\"40\" class=\"wpcf7-form-control wpcf7-text wpcf7-validates-as-required\" aria-required=\"true\" aria-invalid=\"false\" placeholder=\"Nombre\" \/><\/span><\/p>\n<p><span class=\"wpcf7-form-control-wrap nome_da_escola\"><input type=\"text\" name=\"nome_da_escola\" value=\"\" size=\"40\" class=\"wpcf7-form-control wpcf7-text wpcf7-validates-as-required\" aria-required=\"true\" aria-invalid=\"false\" placeholder=\"Escuela\/Nombre de la empresa\" \/><\/span><\/p>\n<p><span class=\"wpcf7-form-control-wrap email\"><input type=\"email\" name=\"email\" value=\"\" size=\"40\" class=\"wpcf7-form-control wpcf7-text wpcf7-email wpcf7-validates-as-required wpcf7-validates-as-email\" aria-required=\"true\" aria-invalid=\"false\" placeholder=\"Correo electr\u00f3nico\" \/><\/span><\/p>\n<p><span class=\"wpcf7-form-control-wrap contato\"><input type=\"tel\" name=\"contato\" value=\"\" size=\"40\" class=\"wpcf7-form-control wpcf7-text wpcf7-tel wpcf7-validates-as-required wpcf7-validates-as-tel\" aria-required=\"true\" aria-invalid=\"false\" placeholder=\"Tel\u00e9fono\" \/><\/span><\/p>\n<p><span class=\"wpcf7-form-control-wrap your-subject\"><input type=\"text\" name=\"your-subject\" value=\"\" size=\"40\" class=\"wpcf7-form-control wpcf7-text wpcf7-validates-as-required\" aria-required=\"true\" aria-invalid=\"false\" placeholder=\"Sujeto\" \/><\/span><\/p>\n<p><span class=\"wpcf7-form-control-wrap jobtitle\"><input type=\"text\" name=\"jobtitle\" value=\"\" size=\"40\" class=\"wpcf7-form-control wpcf7-text wpcf7-validates-as-required\" aria-required=\"true\" aria-invalid=\"false\" placeholder=\"Oficina\" \/><\/span><\/p>\n<p><span class=\"wpcf7-form-control-wrap observacoes\"><textarea name=\"observacoes\" cols=\"40\" rows=\"10\" class=\"wpcf7-form-control wpcf7-textarea wpcf7-validates-as-required\" aria-required=\"true\" aria-invalid=\"false\" placeholder=\"Mensaje\"><\/textarea><\/span><\/p>\n<p><input type=\"submit\" value=\"Mandar\" class=\"wpcf7-form-control has-spinner wpcf7-submit\" \/><\/p>\n<div class=\"wpcf7-response-output\" aria-hidden=\"true\"><\/div><input type=\"hidden\" name=\"trp-form-language\" value=\"es\"\/><\/form><\/div><\/div>\n\t\t\t\t<\/div>\n\t\t\t\t<\/div>\n\t\t\t\t<\/div>\n\t\t\t\t\t<\/div>\n\t\t\t\t<\/div>\n\t\t\t\t\t\t\t<\/div>","protected":false},"excerpt":{"rendered":"<p>\u00a1Lleva a Mooney a tu escuela! M\u00e1s informaci\u00f3n: \u00a1Habla con nuestros asesores y desc\u00fabrelo! Complete sus datos y env\u00ede. Nuestro equipo se pondr\u00e1 en contacto contigo para resolver todas tus dudas. Harold.bratovich@mooneyapp.com.br Whatsapp<\/p>","protected":false},"author":1,"featured_media":0,"parent":0,"menu_order":0,"comment_status":"closed","ping_status":"closed","template":"elementor_header_footer","meta":{"content-type":""},"yoast_head":"<!-- This site is optimized with the Yoast SEO plugin v19.0 - https:\/\/yoast.com\/wordpress\/plugins\/seo\/ -->\n<title>Contato - MooneyApp<\/title>\n<meta name=\"robots\" content=\"index, follow, max-snippet:-1, max-image-preview:large, max-video-preview:-1\" \/>\n<link rel=\"canonical\" href=\"https:\/\/mooneyapp.co\/es\/contato-2\/\" \/>\n<meta property=\"og:locale\" content=\"es_ES\" \/>\n<meta property=\"og:type\" content=\"article\" \/>\n<meta property=\"og:title\" content=\"Contato - MooneyApp\" \/>\n<meta property=\"og:description\" content=\"Leve a Mooney para sua escola! Conhe\u00e7a mais: Fale com nossos consultores e conhe\u00e7a! Preencha seus dados e envie. A nossa equipe entrar\u00e1 em contato com voc\u00ea para tirar todas as suas d\u00favidas. Harold.bratovich@mooneyapp.com.br Whatsapp\" \/>\n<meta property=\"og:url\" content=\"https:\/\/mooneyapp.co\/es\/contato-2\/\" \/>\n<meta property=\"og:site_name\" content=\"MooneyApp\" \/>\n<meta property=\"article:publisher\" content=\"https:\/\/www.facebook.com\/Mooney-107536814442120\/\" \/>\n<meta property=\"article:modified_time\" content=\"2023-11-13T15:00:18+00:00\" \/>\n<meta name=\"twitter:card\" content=\"summary_large_image\" \/>\n<meta name=\"twitter:label1\" content=\"Est. reading time\" \/>\n\t<meta name=\"twitter:data1\" content=\"1 minuto\" \/>\n<script type=\"application\/ld+json\" class=\"yoast-schema-graph\">{\"@context\":\"https:\/\/schema.org\",\"@graph\":[{\"@type\":\"Organization\",\"@id\":\"https:\/\/mooneyapp.co\/#organization\",\"name\":\"Mooney\",\"url\":\"https:\/\/mooneyapp.co\/\",\"sameAs\":[\"https:\/\/www.linkedin.com\/company\/mooneyedu?originalSubdomain=br\",\"https:\/\/www.facebook.com\/Mooney-107536814442120\/\"],\"logo\":{\"@type\":\"ImageObject\",\"inLanguage\":\"es-CO\",\"@id\":\"https:\/\/mooneyapp.co\/#\/schema\/logo\/image\/\",\"url\":\"http:\/\/mooneyapp.co\/wp-content\/uploads\/2022\/06\/unnamed.png\",\"contentUrl\":\"http:\/\/mooneyapp.co\/wp-content\/uploads\/2022\/06\/unnamed.png\",\"width\":512,\"height\":512,\"caption\":\"Mooney\"},\"image\":{\"@id\":\"https:\/\/mooneyapp.co\/#\/schema\/logo\/image\/\"}},{\"@type\":\"WebSite\",\"@id\":\"https:\/\/mooneyapp.co\/#website\",\"url\":\"https:\/\/mooneyapp.co\/\",\"name\":\"MooneyApp\",\"description\":\"\",\"publisher\":{\"@id\":\"https:\/\/mooneyapp.co\/#organization\"},\"potentialAction\":[{\"@type\":\"SearchAction\",\"target\":{\"@type\":\"EntryPoint\",\"urlTemplate\":\"https:\/\/mooneyapp.co\/?s={search_term_string}\"},\"query-input\":\"required name=search_term_string\"}],\"inLanguage\":\"es-CO\"},{\"@type\":\"WebPage\",\"@id\":\"https:\/\/mooneyapp.co\/contato-2\/#webpage\",\"url\":\"https:\/\/mooneyapp.co\/contato-2\/\",\"name\":\"Contato - MooneyApp\",\"isPartOf\":{\"@id\":\"https:\/\/mooneyapp.co\/#website\"},\"datePublished\":\"2023-03-06T12:58:11+00:00\",\"dateModified\":\"2023-11-13T15:00:18+00:00\",\"breadcrumb\":{\"@id\":\"https:\/\/mooneyapp.co\/contato-2\/#breadcrumb\"},\"inLanguage\":\"es-CO\",\"potentialAction\":[{\"@type\":\"ReadAction\",\"target\":[\"https:\/\/mooneyapp.co\/contato-2\/\"]}]},{\"@type\":\"BreadcrumbList\",\"@id\":\"https:\/\/mooneyapp.co\/contato-2\/#breadcrumb\",\"itemListElement\":[{\"@type\":\"ListItem\",\"position\":1,\"name\":\"In\u00edcio\",\"item\":\"https:\/\/mooneyapp.co\/\"},{\"@type\":\"ListItem\",\"position\":2,\"name\":\"Contato\"}]}]}<\/script>\n<!-- \/ Yoast SEO plugin. -->","yoast_head_json":{"title":"Contato - MooneyApp","robots":{"index":"index","follow":"follow","max-snippet":"max-snippet:-1","max-image-preview":"max-image-preview:large","max-video-preview":"max-video-preview:-1"},"canonical":"https:\/\/mooneyapp.co\/es\/contato-2\/","og_locale":"es_ES","og_type":"article","og_title":"Contato - MooneyApp","og_description":"Leve a Mooney para sua escola! Conhe\u00e7a mais: Fale com nossos consultores e conhe\u00e7a! Preencha seus dados e envie. A nossa equipe entrar\u00e1 em contato com voc\u00ea para tirar todas as suas d\u00favidas. Harold.bratovich@mooneyapp.com.br Whatsapp","og_url":"https:\/\/mooneyapp.co\/es\/contato-2\/","og_site_name":"MooneyApp","article_publisher":"https:\/\/www.facebook.com\/Mooney-107536814442120\/","article_modified_time":"2023-11-13T15:00:18+00:00","twitter_card":"summary_large_image","twitter_misc":{"Est. reading time":"1 minuto"},"schema":{"@context":"https:\/\/schema.org","@graph":[{"@type":"Organization","@id":"https:\/\/mooneyapp.co\/#organization","name":"Mooney","url":"https:\/\/mooneyapp.co\/","sameAs":["https:\/\/www.linkedin.com\/company\/mooneyedu?originalSubdomain=br","https:\/\/www.facebook.com\/Mooney-107536814442120\/"],"logo":{"@type":"ImageObject","inLanguage":"es-CO","@id":"https:\/\/mooneyapp.co\/#\/schema\/logo\/image\/","url":"http:\/\/mooneyapp.co\/wp-content\/uploads\/2022\/06\/unnamed.png","contentUrl":"http:\/\/mooneyapp.co\/wp-content\/uploads\/2022\/06\/unnamed.png","width":512,"height":512,"caption":"Mooney"},"image":{"@id":"https:\/\/mooneyapp.co\/#\/schema\/logo\/image\/"}},{"@type":"WebSite","@id":"https:\/\/mooneyapp.co\/#website","url":"https:\/\/mooneyapp.co\/","name":"MooneyApp","description":"","publisher":{"@id":"https:\/\/mooneyapp.co\/#organization"},"potentialAction":[{"@type":"SearchAction","target":{"@type":"EntryPoint","urlTemplate":"https:\/\/mooneyapp.co\/?s={search_term_string}"},"query-input":"required name=search_term_string"}],"inLanguage":"es-CO"},{"@type":"WebPage","@id":"https:\/\/mooneyapp.co\/contato-2\/#webpage","url":"https:\/\/mooneyapp.co\/contato-2\/","name":"Contato - MooneyApp","isPartOf":{"@id":"https:\/\/mooneyapp.co\/#website"},"datePublished":"2023-03-06T12:58:11+00:00","dateModified":"2023-11-13T15:00:18+00:00","breadcrumb":{"@id":"https:\/\/mooneyapp.co\/contato-2\/#breadcrumb"},"inLanguage":"es-CO","potentialAction":[{"@type":"ReadAction","target":["https:\/\/mooneyapp.co\/contato-2\/"]}]},{"@type":"BreadcrumbList","@id":"https:\/\/mooneyapp.co\/contato-2\/#breadcrumb","itemListElement":[{"@type":"ListItem","position":1,"name":"In\u00edcio","item":"https:\/\/mooneyapp.co\/"},{"@type":"ListItem","position":2,"name":"Contato"}]}]}},"_links":{"self":[{"href":"https:\/\/mooneyapp.co\/es\/wp-json\/wp\/v2\/pages\/99"}],"collection":[{"href":"https:\/\/mooneyapp.co\/es\/wp-json\/wp\/v2\/pages"}],"about":[{"href":"https:\/\/mooneyapp.co\/es\/wp-json\/wp\/v2\/types\/page"}],"author":[{"embeddable":true,"href":"https:\/\/mooneyapp.co\/es\/wp-json\/wp\/v2\/users\/1"}],"replies":[{"embeddable":true,"href":"https:\/\/mooneyapp.co\/es\/wp-json\/wp\/v2\/comments?post=99"}],"version-history":[{"count":18,"href":"https:\/\/mooneyapp.co\/es\/wp-json\/wp\/v2\/pages\/99\/revisions"}],"predecessor-version":[{"id":209,"href":"https:\/\/mooneyapp.co\/es\/wp-json\/wp\/v2\/pages\/99\/revisions\/209"}],"wp:attachment":[{"href":"https:\/\/mooneyapp.co\/es\/wp-json\/wp\/v2\/media?parent=99"}],"curies":[{"name":"wp","href":"https:\/\/api.w.org\/{rel}","templated":true}]}}