{"id":111,"date":"2023-03-06T11:25:14","date_gmt":"2023-03-06T14:25:14","guid":{"rendered":"http:\/\/mooneyapp.co\/?page_id=111"},"modified":"2023-03-06T11:42:19","modified_gmt":"2023-03-06T14:42:19","slug":"duvidas-frequentes","status":"publish","type":"page","link":"https:\/\/mooneyapp.co\/es\/duvidas-frequentes\/","title":{"rendered":"Preguntas frecuentes"},"content":{"rendered":"<div data-elementor-type=\"wp-page\" data-elementor-id=\"111\" class=\"elementor elementor-111\">\n\t\t\t\t\t\t\t<div class=\"elementor-element elementor-element-25343be e-con-boxed e-flex e-con\" data-id=\"25343be\" data-element_type=\"container\" data-settings=\"{&quot;content_width&quot;:&quot;boxed&quot;}\">\n\t\t\t\t\t<div class=\"e-con-inner\">\n\t\t\t\t<div class=\"elementor-element elementor-element-4b2f3a5 elementor-widget elementor-widget-heading\" data-id=\"4b2f3a5\" data-element_type=\"widget\" data-widget_type=\"heading.default\">\n\t\t\t\t<div class=\"elementor-widget-container\">\n\t\t\t<style>\/*! elementor - v3.13.3 - 28-05-2023 *\/\n.elementor-heading-title{padding:0;margin:0;line-height:1}.elementor-widget-heading .elementor-heading-title[class*=elementor-size-]>a{color:inherit;font-size:inherit;line-height:inherit}.elementor-widget-heading .elementor-heading-title.elementor-size-small{font-size:15px}.elementor-widget-heading .elementor-heading-title.elementor-size-medium{font-size:19px}.elementor-widget-heading .elementor-heading-title.elementor-size-large{font-size:29px}.elementor-widget-heading .elementor-heading-title.elementor-size-xl{font-size:39px}.elementor-widget-heading .elementor-heading-title.elementor-size-xxl{font-size:59px}<\/style><h1 class=\"elementor-heading-title elementor-size-default\">Preguntas principales\n<\/h1>\t\t<\/div>\n\t\t\t\t<\/div>\n\t\t\t\t<div class=\"elementor-element elementor-element-5fbbccc elementor-widget__width-initial elementor-widget-tablet__width-inherit elementor-widget elementor-widget-heading\" data-id=\"5fbbccc\" data-element_type=\"widget\" data-widget_type=\"heading.default\">\n\t\t\t\t<div class=\"elementor-widget-container\">\n\t\t\t<h2 class=\"elementor-heading-title elementor-size-default\">Hemos hecho una lista de las preguntas m\u00e1s frecuentes que recibimos, tal vez sea la tuya.\n<\/h2>\t\t<\/div>\n\t\t\t\t<\/div>\n\t\t\t\t<div class=\"elementor-element elementor-element-e4440cd elementor-widget elementor-widget-accordion\" data-id=\"e4440cd\" data-element_type=\"widget\" data-widget_type=\"accordion.default\">\n\t\t\t\t<div class=\"elementor-widget-container\">\n\t\t\t<style>\/*! elementor - v3.13.3 - 28-05-2023 *\/\n.elementor-accordion{text-align:left}.elementor-accordion .elementor-accordion-item{border:1px solid #d5d8dc}.elementor-accordion .elementor-accordion-item+.elementor-accordion-item{border-top:none}.elementor-accordion .elementor-tab-title{margin:0;padding:15px 20px;font-weight:700;line-height:1;cursor:pointer;outline:none}.elementor-accordion .elementor-tab-title .elementor-accordion-icon{display:inline-block;width:1.5em}.elementor-accordion .elementor-tab-title .elementor-accordion-icon svg{width:1em;height:1em}.elementor-accordion .elementor-tab-title .elementor-accordion-icon.elementor-accordion-icon-right{float:right;text-align:right}.elementor-accordion .elementor-tab-title .elementor-accordion-icon.elementor-accordion-icon-left{float:left;text-align:left}.elementor-accordion .elementor-tab-title .elementor-accordion-icon .elementor-accordion-icon-closed{display:block}.elementor-accordion .elementor-tab-title .elementor-accordion-icon .elementor-accordion-icon-opened,.elementor-accordion .elementor-tab-title.elementor-active .elementor-accordion-icon-closed{display:none}.elementor-accordion .elementor-tab-title.elementor-active .elementor-accordion-icon-opened{display:block}.elementor-accordion .elementor-tab-content{display:none;padding:15px 20px;border-top:1px solid #d5d8dc}@media (max-width:767px){.elementor-accordion .elementor-tab-title{padding:12px 15px}.elementor-accordion .elementor-tab-title .elementor-accordion-icon{width:1.2em}.elementor-accordion .elementor-tab-content{padding:7px 15px}}.e-con-inner>.elementor-widget-accordion,.e-con>.elementor-widget-accordion{width:var(--container-widget-width);--flex-grow:var(--container-widget-flex-grow)}<\/style>\t\t<div class=\"elementor-accordion\" role=\"tablist\">\n\t\t\t\t\t\t\t<div class=\"elementor-accordion-item\">\n\t\t\t\t\t<div id=\"elementor-tab-title-2391\" class=\"elementor-tab-title\" data-tab=\"1\" role=\"tab\" aria-controls=\"elementor-tab-content-2391\" aria-expanded=\"false\">\n\t\t\t\t\t\t\t\t\t\t\t\t<a class=\"elementor-accordion-title\" href=\"\">\u00bfLa aplicaci\u00f3n es parte del paquete?<\/a>\n\t\t\t\t\t<\/div>\n\t\t\t\t\t<div id=\"elementor-tab-content-2391\" class=\"elementor-tab-content elementor-clearfix\" data-tab=\"1\" role=\"tabpanel\" aria-labelledby=\"elementor-tab-title-2391\"><p>S\u00ed. Todas las clases cuentan con el respaldo de un recorrido de conocimiento gamificado y algunas clases utilizan la aplicaci\u00f3n como recurso de ense\u00f1anza durante las actividades, si la escuela tiene acceso a los estudiantes dentro del entorno de aprendizaje.<\/p><\/div>\n\t\t\t\t<\/div>\n\t\t\t\t\t\t\t<div class=\"elementor-accordion-item\">\n\t\t\t\t\t<div id=\"elementor-tab-title-2392\" class=\"elementor-tab-title\" data-tab=\"2\" role=\"tab\" aria-controls=\"elementor-tab-content-2392\" aria-expanded=\"false\">\n\t\t\t\t\t\t\t\t\t\t\t\t<a class=\"elementor-accordion-title\" href=\"\">\u00bfMooney trabaja con folletos?<\/a>\n\t\t\t\t\t<\/div>\n\t\t\t\t\t<div id=\"elementor-tab-content-2392\" class=\"elementor-tab-content elementor-clearfix\" data-tab=\"2\" role=\"tabpanel\" aria-labelledby=\"elementor-tab-title-2392\"><p>No. Los profesores reciben acceso al material digital y los estudiantes pueden acceder al contenido de la clase a trav\u00e9s de la aplicaci\u00f3n Mooney y la plataforma web. \u00a1Todo es muy interactivo!<\/p><\/div>\n\t\t\t\t<\/div>\n\t\t\t\t\t\t\t<div class=\"elementor-accordion-item\">\n\t\t\t\t\t<div id=\"elementor-tab-title-2393\" class=\"elementor-tab-title\" data-tab=\"3\" role=\"tab\" aria-controls=\"elementor-tab-content-2393\" aria-expanded=\"false\">\n\t\t\t\t\t\t\t\t\t\t\t\t<a class=\"elementor-accordion-title\" href=\"\">\u00bfLa metodolog\u00eda Mooney est\u00e1 alineada con la nueva Escuela Secundaria?<\/a>\n\t\t\t\t\t<\/div>\n\t\t\t\t\t<div id=\"elementor-tab-content-2393\" class=\"elementor-tab-content elementor-clearfix\" data-tab=\"3\" role=\"tabpanel\" aria-labelledby=\"elementor-tab-title-2393\"><p>\u00a1S\u00ed! Mooney sigui\u00f3 los lineamientos del BNCC para desarrollar las clases y ya tiene un proyecto desarrollado especialmente para la nueva Escuela Secundaria, el Mooney Lab.<\/p><\/div>\n\t\t\t\t<\/div>\n\t\t\t\t\t\t\t<div class=\"elementor-accordion-item\">\n\t\t\t\t\t<div id=\"elementor-tab-title-2394\" class=\"elementor-tab-title\" data-tab=\"4\" role=\"tab\" aria-controls=\"elementor-tab-content-2394\" aria-expanded=\"false\">\n\t\t\t\t\t\t\t\t\t\t\t\t<a class=\"elementor-accordion-title\" href=\"\">\u00bfCuantas clases tienes?<\/a>\n\t\t\t\t\t<\/div>\n\t\t\t\t\t<div id=\"elementor-tab-content-2394\" class=\"elementor-tab-content elementor-clearfix\" data-tab=\"4\" role=\"tabpanel\" aria-labelledby=\"elementor-tab-title-2394\"><p>Mooney se adapta a las necesidades de cada colegio, por lo que el colegio tiene la flexibilidad de elegir al inicio del proceso si las clases ser\u00e1n semanales o quincenales.<\/p><\/div>\n\t\t\t\t<\/div>\n\t\t\t\t\t\t\t<div class=\"elementor-accordion-item\">\n\t\t\t\t\t<div id=\"elementor-tab-title-2395\" class=\"elementor-tab-title\" data-tab=\"5\" role=\"tab\" aria-controls=\"elementor-tab-content-2395\" aria-expanded=\"false\">\n\t\t\t\t\t\t\t\t\t\t\t\t<a class=\"elementor-accordion-title\" href=\"\">\u00bfExiste alguna formaci\u00f3n para los profesores?<\/a>\n\t\t\t\t\t<\/div>\n\t\t\t\t\t<div id=\"elementor-tab-content-2395\" class=\"elementor-tab-content elementor-clearfix\" data-tab=\"5\" role=\"tabpanel\" aria-labelledby=\"elementor-tab-title-2395\"><p>S\u00ed, existe un programa espec\u00edfico de formaci\u00f3n continua del profesorado en los colegios asociados.<\/p><\/div>\n\t\t\t\t<\/div>\n\t\t\t\t\t\t\t<div class=\"elementor-accordion-item\">\n\t\t\t\t\t<div id=\"elementor-tab-title-2396\" class=\"elementor-tab-title\" data-tab=\"6\" role=\"tab\" aria-controls=\"elementor-tab-content-2396\" aria-expanded=\"false\">\n\t\t\t\t\t\t\t\t\t\t\t\t<a class=\"elementor-accordion-title\" href=\"\">\u00bfDurante el a\u00f1o, Mooney organiza eventos para tutores de estudiantes y personal de escuelas asociadas sobre el tema de Educaci\u00f3n Financiera?<\/a>\n\t\t\t\t\t<\/div>\n\t\t\t\t\t<div id=\"elementor-tab-content-2396\" class=\"elementor-tab-content elementor-clearfix\" data-tab=\"6\" role=\"tabpanel\" aria-labelledby=\"elementor-tab-title-2396\"><p>S\u00ed, Mooney promueve eventos peri\u00f3dicos sobre educaci\u00f3n financiera con diferentes tem\u00e1ticas y enfoques.<\/p><\/div>\n\t\t\t\t<\/div>\n\t\t\t\t\t\t\t<div class=\"elementor-accordion-item\">\n\t\t\t\t\t<div id=\"elementor-tab-title-2397\" class=\"elementor-tab-title\" data-tab=\"7\" role=\"tab\" aria-controls=\"elementor-tab-content-2397\" aria-expanded=\"false\">\n\t\t\t\t\t\t\t\t\t\t\t\t<a class=\"elementor-accordion-title\" href=\"\">\u00bfEn qu\u00e9 se diferencia Mooney?<\/a>\n\t\t\t\t\t<\/div>\n\t\t\t\t\t<div id=\"elementor-tab-content-2397\" class=\"elementor-tab-content elementor-clearfix\" data-tab=\"7\" role=\"tabpanel\" aria-labelledby=\"elementor-tab-title-2397\"><p>Adem\u00e1s de la metodolog\u00eda de educaci\u00f3n financiera completa y humanizada, desarrollamos la aplicaci\u00f3n Mooney, que ayuda a los j\u00f3venes a desarrollar h\u00e1bitos financieros saludables, incluyendo a sus familias y a la sociedad.<\/p><\/div>\n\t\t\t\t<\/div>\n\t\t\t\t\t\t\t<div class=\"elementor-accordion-item\">\n\t\t\t\t\t<div id=\"elementor-tab-title-2398\" class=\"elementor-tab-title\" data-tab=\"8\" role=\"tab\" aria-controls=\"elementor-tab-content-2398\" aria-expanded=\"false\">\n\t\t\t\t\t\t\t\t\t\t\t\t<a class=\"elementor-accordion-title\" href=\"\">\u00bfLos profesores de Mooney est\u00e1n aplicando las clases?<\/a>\n\t\t\t\t\t<\/div>\n\t\t\t\t\t<div id=\"elementor-tab-content-2398\" class=\"elementor-tab-content elementor-clearfix\" data-tab=\"8\" role=\"tabpanel\" aria-labelledby=\"elementor-tab-title-2398\"><p>No. Mooney capacita a profesores de escuelas asociadas para que apliquen las clases. Todas las clases y conceptos est\u00e1n descritos de forma sencilla y completa para que cualquier profesor, independientemente de su \u00e1rea de formaci\u00f3n y actividad, pueda aplicar la metodolog\u00eda de Mooney.<\/p><\/div>\n\t\t\t\t<\/div>\n\t\t\t\t\t\t\t<div class=\"elementor-accordion-item\">\n\t\t\t\t\t<div id=\"elementor-tab-title-2399\" class=\"elementor-tab-title\" data-tab=\"9\" role=\"tab\" aria-controls=\"elementor-tab-content-2399\" aria-expanded=\"false\">\n\t\t\t\t\t\t\t\t\t\t\t\t<a class=\"elementor-accordion-title\" href=\"\">El cuaderno de trabajo y\/o libro utilizado en mi escuela incluye Educaci\u00f3n Financiera. \u00bfPuedo seguir asoci\u00e1ndome con Mooney?<\/a>\n\t\t\t\t\t<\/div>\n\t\t\t\t\t<div id=\"elementor-tab-content-2399\" class=\"elementor-tab-content elementor-clearfix\" data-tab=\"9\" role=\"tabpanel\" aria-labelledby=\"elementor-tab-title-2399\"><p>Mooney ofrece un enfoque pr\u00e1ctico de Educaci\u00f3n Financiera basado en el desarrollo de habilidades socioemocionales, complementando el proyecto de vida del estudiante. Todas nuestras clases son preparadas y validadas por nuestro equipo pedag\u00f3gico, para garantizar un material siempre actualizado y acorde con las \u00faltimas novedades del mercado financiero. La metodolog\u00eda Mooney es complementaria al contenido incluido en folletos y libros de texto.<\/p><\/div>\n\t\t\t\t<\/div>\n\t\t\t\t\t\t\t\t<\/div>\n\t\t\t\t<\/div>\n\t\t\t\t<\/div>\n\t\t\t\t\t<\/div>\n\t\t\t\t<\/div>\n\t\t\t\t\t\t\t<\/div>","protected":false},"excerpt":{"rendered":"<p>Preguntas principales Hemos elaborado una lista de las preguntas m\u00e1s frecuentes que recibimos, quiz\u00e1s sea la tuya. \u00bfLa aplicaci\u00f3n es parte del paquete? S\u00ed. Todas las clases est\u00e1n respaldadas por un recorrido de conocimiento gamificado y algunas clases utilizan la aplicaci\u00f3n como recurso did\u00e1ctico durante las actividades, si la escuela tiene acceso [\u2026]<\/p>","protected":false},"author":1,"featured_media":0,"parent":0,"menu_order":0,"comment_status":"closed","ping_status":"closed","template":"elementor_header_footer","meta":{"content-type":""},"yoast_head":"<!-- This site is optimized with the Yoast SEO plugin v19.0 - https:\/\/yoast.com\/wordpress\/plugins\/seo\/ -->\n<title>D\u00favidas Frequentes - MooneyApp<\/title>\n<meta name=\"robots\" content=\"index, follow, max-snippet:-1, max-image-preview:large, max-video-preview:-1\" \/>\n<link rel=\"canonical\" href=\"https:\/\/mooneyapp.co\/es\/duvidas-frequentes\/\" \/>\n<meta property=\"og:locale\" content=\"es_ES\" \/>\n<meta property=\"og:type\" content=\"article\" \/>\n<meta property=\"og:title\" content=\"D\u00favidas Frequentes - MooneyApp\" \/>\n<meta property=\"og:description\" content=\"Principais d\u00favidas Fizemos uma lista das perguntas mais frequentes que recebemos, talvez seja a sua. O aplicativo faz parte do pacote? Sim. Todas as aulas contam com o suporte de uma trilha de conhecimento gamificada e algumas aulas usam o aplicativo como recurso pedag\u00f3gico durante as atividades, para caso a escola tenha disponibilidade de acesso [&hellip;]\" \/>\n<meta property=\"og:url\" content=\"https:\/\/mooneyapp.co\/es\/duvidas-frequentes\/\" \/>\n<meta property=\"og:site_name\" content=\"MooneyApp\" \/>\n<meta property=\"article:publisher\" content=\"https:\/\/www.facebook.com\/Mooney-107536814442120\/\" \/>\n<meta property=\"article:modified_time\" content=\"2023-03-06T14:42:19+00:00\" \/>\n<meta name=\"twitter:card\" content=\"summary_large_image\" \/>\n<meta name=\"twitter:label1\" content=\"Est. reading time\" \/>\n\t<meta name=\"twitter:data1\" content=\"3 minutos\" \/>\n<script type=\"application\/ld+json\" class=\"yoast-schema-graph\">{\"@context\":\"https:\/\/schema.org\",\"@graph\":[{\"@type\":\"Organization\",\"@id\":\"https:\/\/mooneyapp.co\/#organization\",\"name\":\"Mooney\",\"url\":\"https:\/\/mooneyapp.co\/\",\"sameAs\":[\"https:\/\/www.linkedin.com\/company\/mooneyedu?originalSubdomain=br\",\"https:\/\/www.facebook.com\/Mooney-107536814442120\/\"],\"logo\":{\"@type\":\"ImageObject\",\"inLanguage\":\"es-CO\",\"@id\":\"https:\/\/mooneyapp.co\/#\/schema\/logo\/image\/\",\"url\":\"http:\/\/mooneyapp.co\/wp-content\/uploads\/2022\/06\/unnamed.png\",\"contentUrl\":\"http:\/\/mooneyapp.co\/wp-content\/uploads\/2022\/06\/unnamed.png\",\"width\":512,\"height\":512,\"caption\":\"Mooney\"},\"image\":{\"@id\":\"https:\/\/mooneyapp.co\/#\/schema\/logo\/image\/\"}},{\"@type\":\"WebSite\",\"@id\":\"https:\/\/mooneyapp.co\/#website\",\"url\":\"https:\/\/mooneyapp.co\/\",\"name\":\"MooneyApp\",\"description\":\"\",\"publisher\":{\"@id\":\"https:\/\/mooneyapp.co\/#organization\"},\"potentialAction\":[{\"@type\":\"SearchAction\",\"target\":{\"@type\":\"EntryPoint\",\"urlTemplate\":\"https:\/\/mooneyapp.co\/?s={search_term_string}\"},\"query-input\":\"required name=search_term_string\"}],\"inLanguage\":\"es-CO\"},{\"@type\":\"WebPage\",\"@id\":\"https:\/\/mooneyapp.co\/duvidas-frequentes\/#webpage\",\"url\":\"https:\/\/mooneyapp.co\/duvidas-frequentes\/\",\"name\":\"D\u00favidas Frequentes - MooneyApp\",\"isPartOf\":{\"@id\":\"https:\/\/mooneyapp.co\/#website\"},\"datePublished\":\"2023-03-06T14:25:14+00:00\",\"dateModified\":\"2023-03-06T14:42:19+00:00\",\"breadcrumb\":{\"@id\":\"https:\/\/mooneyapp.co\/duvidas-frequentes\/#breadcrumb\"},\"inLanguage\":\"es-CO\",\"potentialAction\":[{\"@type\":\"ReadAction\",\"target\":[\"https:\/\/mooneyapp.co\/duvidas-frequentes\/\"]}]},{\"@type\":\"BreadcrumbList\",\"@id\":\"https:\/\/mooneyapp.co\/duvidas-frequentes\/#breadcrumb\",\"itemListElement\":[{\"@type\":\"ListItem\",\"position\":1,\"name\":\"In\u00edcio\",\"item\":\"https:\/\/mooneyapp.co\/\"},{\"@type\":\"ListItem\",\"position\":2,\"name\":\"D\u00favidas Frequentes\"}]}]}<\/script>\n<!-- \/ Yoast SEO plugin. -->","yoast_head_json":{"title":"D\u00favidas Frequentes - MooneyApp","robots":{"index":"index","follow":"follow","max-snippet":"max-snippet:-1","max-image-preview":"max-image-preview:large","max-video-preview":"max-video-preview:-1"},"canonical":"https:\/\/mooneyapp.co\/es\/duvidas-frequentes\/","og_locale":"es_ES","og_type":"article","og_title":"D\u00favidas Frequentes - MooneyApp","og_description":"Principais d\u00favidas Fizemos uma lista das perguntas mais frequentes que recebemos, talvez seja a sua. O aplicativo faz parte do pacote? Sim. Todas as aulas contam com o suporte de uma trilha de conhecimento gamificada e algumas aulas usam o aplicativo como recurso pedag\u00f3gico durante as atividades, para caso a escola tenha disponibilidade de acesso [&hellip;]","og_url":"https:\/\/mooneyapp.co\/es\/duvidas-frequentes\/","og_site_name":"MooneyApp","article_publisher":"https:\/\/www.facebook.com\/Mooney-107536814442120\/","article_modified_time":"2023-03-06T14:42:19+00:00","twitter_card":"summary_large_image","twitter_misc":{"Est. reading time":"3 minutos"},"schema":{"@context":"https:\/\/schema.org","@graph":[{"@type":"Organization","@id":"https:\/\/mooneyapp.co\/#organization","name":"Mooney","url":"https:\/\/mooneyapp.co\/","sameAs":["https:\/\/www.linkedin.com\/company\/mooneyedu?originalSubdomain=br","https:\/\/www.facebook.com\/Mooney-107536814442120\/"],"logo":{"@type":"ImageObject","inLanguage":"es-CO","@id":"https:\/\/mooneyapp.co\/#\/schema\/logo\/image\/","url":"http:\/\/mooneyapp.co\/wp-content\/uploads\/2022\/06\/unnamed.png","contentUrl":"http:\/\/mooneyapp.co\/wp-content\/uploads\/2022\/06\/unnamed.png","width":512,"height":512,"caption":"Mooney"},"image":{"@id":"https:\/\/mooneyapp.co\/#\/schema\/logo\/image\/"}},{"@type":"WebSite","@id":"https:\/\/mooneyapp.co\/#website","url":"https:\/\/mooneyapp.co\/","name":"MooneyApp","description":"","publisher":{"@id":"https:\/\/mooneyapp.co\/#organization"},"potentialAction":[{"@type":"SearchAction","target":{"@type":"EntryPoint","urlTemplate":"https:\/\/mooneyapp.co\/?s={search_term_string}"},"query-input":"required name=search_term_string"}],"inLanguage":"es-CO"},{"@type":"WebPage","@id":"https:\/\/mooneyapp.co\/duvidas-frequentes\/#webpage","url":"https:\/\/mooneyapp.co\/duvidas-frequentes\/","name":"D\u00favidas Frequentes - MooneyApp","isPartOf":{"@id":"https:\/\/mooneyapp.co\/#website"},"datePublished":"2023-03-06T14:25:14+00:00","dateModified":"2023-03-06T14:42:19+00:00","breadcrumb":{"@id":"https:\/\/mooneyapp.co\/duvidas-frequentes\/#breadcrumb"},"inLanguage":"es-CO","potentialAction":[{"@type":"ReadAction","target":["https:\/\/mooneyapp.co\/duvidas-frequentes\/"]}]},{"@type":"BreadcrumbList","@id":"https:\/\/mooneyapp.co\/duvidas-frequentes\/#breadcrumb","itemListElement":[{"@type":"ListItem","position":1,"name":"In\u00edcio","item":"https:\/\/mooneyapp.co\/"},{"@type":"ListItem","position":2,"name":"D\u00favidas Frequentes"}]}]}},"_links":{"self":[{"href":"https:\/\/mooneyapp.co\/es\/wp-json\/wp\/v2\/pages\/111"}],"collection":[{"href":"https:\/\/mooneyapp.co\/es\/wp-json\/wp\/v2\/pages"}],"about":[{"href":"https:\/\/mooneyapp.co\/es\/wp-json\/wp\/v2\/types\/page"}],"author":[{"embeddable":true,"href":"https:\/\/mooneyapp.co\/es\/wp-json\/wp\/v2\/users\/1"}],"replies":[{"embeddable":true,"href":"https:\/\/mooneyapp.co\/es\/wp-json\/wp\/v2\/comments?post=111"}],"version-history":[{"count":0,"href":"https:\/\/mooneyapp.co\/es\/wp-json\/wp\/v2\/pages\/111\/revisions"}],"wp:attachment":[{"href":"https:\/\/mooneyapp.co\/es\/wp-json\/wp\/v2\/media?parent=111"}],"curies":[{"name":"wp","href":"https:\/\/api.w.org\/{rel}","templated":true}]}}